{"id":33,"date":"2017-11-09T17:41:11","date_gmt":"2017-11-09T16:41:11","guid":{"rendered":"https:\/\/bezdecin-mb.cz\/blog\/?page_id=33"},"modified":"2017-11-30T13:13:18","modified_gmt":"2017-11-30T12:13:18","slug":"pravidla-webu","status":"publish","type":"page","link":"https:\/\/bezdecin-mb.cz\/index.php\/pravidla-webu\/","title":{"rendered":"Registrace a pravidla webu"},"content":{"rendered":"<p>Zaregistrovat se m\u016f\u017ee kdokoliv. Kliknete na odkaz P\u0159ihl\u00e1sit se, a v doln\u00ed \u010d\u00e1sti pod p\u0159ihla\u0161ovac\u00edm formul\u00e1\u0159em kliknete na odkaz Registrace. P\u0159i registraci v\u00e1m p\u0159ijde potvrzovac\u00ed e-mail. Po potvrzen\u00ed budete vyzv\u00e1ni k vytvo\u0159en\u00ed p\u0159\u00edstupov\u00e9ho hesla. Pokud v\u00e1m e-mail nedoraz\u00ed, zkontrolujte slo\u017eku SPAM ve va\u0161\u00ed e-mailov\u00e9 schr\u00e1nce. Pros\u00edme, aby jste po registraci provedli \u00fapravu sv\u00e9ho profilu (po kliknut\u00ed na ikonku Bezd\u011b\u010d\u00edn v horn\u00ed li\u0161t\u011b str\u00e1nky &#8211; je vid\u011bt a\u017e po p\u0159ihl\u00e1\u0161en\u00ed) a vyplnili alespo\u0148 Jm\u00e9no a P\u0159\u00edjmen\u00ed. To se pak bude zobrazovat u va\u0161ich koment\u00e1\u0159\u016f. P\u0159i nevypln\u011bn\u00ed se zobrazuje u\u017eivatelsk\u00e9 jm\u00e9no.<\/p>\n<p>Po zaregistrov\u00e1n\u00ed m\u016f\u017eete ps\u00e1t koment\u00e1\u0159e. M\u016f\u017eete komentovat kter\u00fdkoliv p\u0159\u00edsp\u011bvek. Pros\u00edme v\u011bcn\u011b a bez pou\u017eit\u00ed vulg\u00e1rn\u00edch v\u00fdraz\u016f. Administr\u00e1to\u0159i takov\u00e9 p\u0159\u00edsp\u011bvky odstran\u00ed.<\/p>\n","protected":false},"excerpt":{"rendered":"<p>Zaregistrovat se m\u016f\u017ee kdokoliv. Kliknete na odkaz P\u0159ihl\u00e1sit se, a v doln\u00ed \u010d\u00e1sti pod p\u0159ihla\u0161ovac\u00edm formul\u00e1\u0159em kliknete na odkaz Registrace. P\u0159i registraci v\u00e1m p\u0159ijde potvrzovac\u00ed e-mail. Po potvrzen\u00ed budete vyzv\u00e1ni k vytvo\u0159en\u00ed p\u0159\u00edstupov\u00e9ho hesla. Pokud v\u00e1m e-mail nedoraz\u00ed, zkontrolujte slo\u017eku SPAM ve va\u0161\u00ed e-mailov\u00e9 schr\u00e1nce. Pros\u00edme, aby jste po registraci provedli \u00fapravu sv\u00e9ho profilu (po kliknut\u00ed na ikonku Bezd\u011b\u010d\u00edn v horn\u00ed li\u0161t\u011b str\u00e1nky &#8211; je vid\u011bt a\u017e po p\u0159ihl\u00e1\u0161en\u00ed) a vyplnili alespo\u0148 Jm\u00e9no a P\u0159\u00edjmen\u00ed. To se pak bude zobrazovat&#8230;<\/p>\n<p class=\"read-more\"><a class=\"btn btn-default\" href=\"https:\/\/bezdecin-mb.cz\/index.php\/pravidla-webu\/\">P\u0159e\u010d\u00edst<span class=\"screen-reader-text\"> P\u0159e\u010d\u00edst<\/span><\/a><\/p>\n","protected":false},"author":1,"featured_media":0,"parent":0,"menu_order":0,"comment_status":"closed","ping_status":"closed","template":"","meta":{"footnotes":""},"class_list":["post-33","page","type-page","status-publish","hentry"],"jetpack_sharing_enabled":true,"post_mailing_queue_ids":[],"_links":{"self":[{"href":"https:\/\/bezdecin-mb.cz\/index.php\/wp-json\/wp\/v2\/pages\/33","targetHints":{"allow":["GET"]}}],"collection":[{"href":"https:\/\/bezdecin-mb.cz\/index.php\/wp-json\/wp\/v2\/pages"}],"about":[{"href":"https:\/\/bezdecin-mb.cz\/index.php\/wp-json\/wp\/v2\/types\/page"}],"author":[{"embeddable":true,"href":"https:\/\/bezdecin-mb.cz\/index.php\/wp-json\/wp\/v2\/users\/1"}],"replies":[{"embeddable":true,"href":"https:\/\/bezdecin-mb.cz\/index.php\/wp-json\/wp\/v2\/comments?post=33"}],"version-history":[{"count":4,"href":"https:\/\/bezdecin-mb.cz\/index.php\/wp-json\/wp\/v2\/pages\/33\/revisions"}],"predecessor-version":[{"id":97,"href":"https:\/\/bezdecin-mb.cz\/index.php\/wp-json\/wp\/v2\/pages\/33\/revisions\/97"}],"wp:attachment":[{"href":"https:\/\/bezdecin-mb.cz\/index.php\/wp-json\/wp\/v2\/media?parent=33"}],"curies":[{"name":"wp","href":"https:\/\/api.w.org\/{rel}","templated":true}]}}