{"id":9,"date":"2017-11-09T17:31:07","date_gmt":"2017-11-09T16:31:07","guid":{"rendered":"https:\/\/bezdecin-mb.cz\/blog\/?page_id=9"},"modified":"2022-03-02T16:16:01","modified_gmt":"2022-03-02T15:16:01","slug":"contact","status":"publish","type":"page","link":"https:\/\/bezdecin-mb.cz\/index.php\/contact\/","title":{"rendered":"Osadn\u00ed v\u00fdbor"},"content":{"rendered":"<p>Osadn\u00ed v\u00fdbor pro p\u0159\u00edm\u011bstskou \u010d\u00e1st Bezd\u011b\u010d\u00edn se sch\u00e1z\u00ed jednou za dva m\u011bs\u00edce v klubovn\u011b.<br \/>\nKa\u017ed\u00fd ob\u010dan m\u00e1 pr\u00e1vo se t\u00e9to sch\u016fze z\u00fa\u010dastnit.<\/p>\n<p>Sch\u016fze obyvatel Bezd\u011b\u010d\u00edna v klubovn\u011b se bude konat 2x za rok.<\/p>\n<p>Ve\u0159ejn\u00e1 beseda s ob\u010dany p\u0159\u00edm\u011bstsk\u00e9 \u010d\u00e1sti B\u011bzd\u011b\u010d\u00edn na Magist\u00e1tu MB se kon\u00e1 1x ro\u010dn\u011b.<\/p>\n<p>Term\u00edny budou vyv\u011b\u0161eny na webov\u00fdch str\u00e1nk\u00e1ch v sekci Aktu\u00e1ln\u00ed informace a ve v\u00fdv\u011bsk\u00e1ch.<\/p>\n<p>\u010cleny v\u00fdboru jsou:<\/p>\n<ul>\n<li>L. \u0160evela &#8211; p\u0159edseda v\u00fdboru<\/li>\n<li>T. Zm\u00e1tl\u00edk &#8211; \u010dlen v\u00fdboru<\/li>\n<li>I. Gerbocov\u00e1 &#8211; \u010dlenka v\u00fdboru<\/li>\n<li>D. J\u00edrov\u00e1 &#8211; \u010dlenka v\u00fdboru, \u017eivotn\u00ed jubilea<\/li>\n<li>K. Lu\u0148\u00e1kov\u00e1 &#8211; \u010dlenka v\u00fdboru<\/li>\n<\/ul>\n","protected":false},"excerpt":{"rendered":"<p>Osadn\u00ed v\u00fdbor pro p\u0159\u00edm\u011bstskou \u010d\u00e1st Bezd\u011b\u010d\u00edn se sch\u00e1z\u00ed jednou za dva m\u011bs\u00edce v klubovn\u011b. Ka\u017ed\u00fd ob\u010dan m\u00e1 pr\u00e1vo se t\u00e9to sch\u016fze z\u00fa\u010dastnit. Sch\u016fze obyvatel Bezd\u011b\u010d\u00edna v klubovn\u011b se bude konat 2x za rok. Ve\u0159ejn\u00e1 beseda s ob\u010dany p\u0159\u00edm\u011bstsk\u00e9 \u010d\u00e1sti B\u011bzd\u011b\u010d\u00edn na Magist\u00e1tu MB se kon\u00e1 1x ro\u010dn\u011b. Term\u00edny budou vyv\u011b\u0161eny na webov\u00fdch str\u00e1nk\u00e1ch v sekci Aktu\u00e1ln\u00ed informace a ve v\u00fdv\u011bsk\u00e1ch. \u010cleny v\u00fdboru jsou: L. \u0160evela &#8211; p\u0159edseda v\u00fdboru T. Zm\u00e1tl\u00edk &#8211; \u010dlen v\u00fdboru I. Gerbocov\u00e1 &#8211; \u010dlenka v\u00fdboru D. J\u00edrov\u00e1&#8230;<\/p>\n<p class=\"read-more\"><a class=\"btn btn-default\" href=\"https:\/\/bezdecin-mb.cz\/index.php\/contact\/\">P\u0159e\u010d\u00edst<span class=\"screen-reader-text\"> P\u0159e\u010d\u00edst<\/span><\/a><\/p>\n","protected":false},"author":1,"featured_media":0,"parent":0,"menu_order":0,"comment_status":"closed","ping_status":"closed","template":"","meta":{"footnotes":""},"class_list":["post-9","page","type-page","status-publish","hentry"],"jetpack_sharing_enabled":true,"post_mailing_queue_ids":[],"_links":{"self":[{"href":"https:\/\/bezdecin-mb.cz\/index.php\/wp-json\/wp\/v2\/pages\/9","targetHints":{"allow":["GET"]}}],"collection":[{"href":"https:\/\/bezdecin-mb.cz\/index.php\/wp-json\/wp\/v2\/pages"}],"about":[{"href":"https:\/\/bezdecin-mb.cz\/index.php\/wp-json\/wp\/v2\/types\/page"}],"author":[{"embeddable":true,"href":"https:\/\/bezdecin-mb.cz\/index.php\/wp-json\/wp\/v2\/users\/1"}],"replies":[{"embeddable":true,"href":"https:\/\/bezdecin-mb.cz\/index.php\/wp-json\/wp\/v2\/comments?post=9"}],"version-history":[{"count":15,"href":"https:\/\/bezdecin-mb.cz\/index.php\/wp-json\/wp\/v2\/pages\/9\/revisions"}],"predecessor-version":[{"id":340,"href":"https:\/\/bezdecin-mb.cz\/index.php\/wp-json\/wp\/v2\/pages\/9\/revisions\/340"}],"wp:attachment":[{"href":"https:\/\/bezdecin-mb.cz\/index.php\/wp-json\/wp\/v2\/media?parent=9"}],"curies":[{"name":"wp","href":"https:\/\/api.w.org\/{rel}","templated":true}]}}